{"id":3,"date":"2025-07-17T19:14:08","date_gmt":"2025-07-17T19:14:08","guid":{"rendered":"https:\/\/staging.jurassicparties.com\/?page_id=3"},"modified":"2025-11-25T13:02:18","modified_gmt":"2025-11-25T20:02:18","slug":"privacy-policy","status":"publish","type":"page","link":"https:\/\/jurassicparties.com\/es\/privacy-policy\/","title":{"rendered":"Pol\u00edtica de privacidad"},"content":{"rendered":"<div data-elementor-type=\"wp-page\" data-elementor-id=\"3\" class=\"elementor elementor-3\" data-elementor-post-type=\"page\">\n\t\t\t\t<div class=\"elementor-element elementor-element-8701e1b e-flex e-con-boxed e-con e-parent\" data-id=\"8701e1b\" data-element_type=\"container\" data-e-type=\"container\">\n\t\t\t\t\t<div class=\"e-con-inner\">\n\t\t\t\t<div class=\"elementor-element elementor-element-382eb8d9 elementor-widget elementor-widget-text-editor\" data-id=\"382eb8d9\" data-element_type=\"widget\" data-e-type=\"widget\" data-widget_type=\"text-editor.default\">\n\t\t\t\t\t\t\t\t\t\n<h1 class=\"wp-block-heading\">Pol\u00edtica de privacidad<\/h1>\n\n\n\n<p><strong>\u00daltima actualizaci\u00f3n: 25\/11\/2025<\/strong><\/p>\n\n\n\n<p><em>Este Aviso de privacidad para <\/em>Jurassic Parties (\u201cnosotros\u201d, \u201cnos\u201d o \u201cnuestro\u201d) describe c\u00f3mo<br>y por qu\u00e9 podr\u00edamos acceder, recopilar, almacenar, utilizar y\/o compartir (\u201ctratar\u201d)<br>su informaci\u00f3n personal cuando utiliza nuestros servicios (\u201cServicios\u201d).<\/p>\n\n\n\n<p><br><strong>\u00bfPreguntas o dudas?<\/strong> Leer este Aviso de Privacidad le ayudar\u00e1 a<br>Comprenda sus derechos y opciones en materia de privacidad. Somos responsables de hacer<br>decisiones sobre c\u00f3mo se procesa su informaci\u00f3n personal. Si no<br>Si no est\u00e1 de acuerdo con nuestras pol\u00edticas y pr\u00e1cticas, no utilice nuestros Servicios.<\/p>\n\n\n\n<h3 class=\"wp-block-heading\"><br>RESUMEN DE LOS PUNTOS CLAVE<\/h3>\n\n\n\n<p><strong>Este resumen proporciona los puntos clave de nuestro Aviso de privacidad, pero usted<br>Puede obtener m\u00e1s informaci\u00f3n sobre cualquiera de estos temas haciendo clic en el<br>enlace que aparece despu\u00e9s de cada punto clave o utilizando nuestro \u00edndice a continuaci\u00f3n.<br>para encontrar la secci\u00f3n que est\u00e1 buscando.<\/strong><\/p>\n\n\n\n<p><strong>\u00bfQu\u00e9 informaci\u00f3n personal procesamos?<\/strong> Cuando visite, utilice o<br>navegar por nuestros Servicios, podemos procesar informaci\u00f3n personal dependiendo de<br>c\u00f3mo interact\u00faa con nosotros y con los Servicios, las decisiones que toma y las<br>productos y funciones que utiliza. Obtenga m\u00e1s informaci\u00f3n sobre la informaci\u00f3n personal que<br>divulgarnos.<\/p>\n\n\n\n<p><br><strong>\u00bfProcesamos informaci\u00f3n personal confidencial? <\/strong>No procesamos informaci\u00f3n personal confidencial.<br>Parte de la informaci\u00f3n puede considerarse \u201cespecial\u201d o \u201csensible\u201d en determinados casos.<br>jurisdicciones, por ejemplo, su origen racial o \u00e9tnico, orientaci\u00f3n sexual,<br>y creencias religiosas. <\/p>\n\n\n\n<p><br><strong>\u00bfRecopilamos informaci\u00f3n de terceros?<\/strong> Podemos recopilar<br>informaci\u00f3n procedente de bases de datos p\u00fablicas, socios de marketing y redes sociales.<br>plataformas y otras fuentes externas. M\u00e1s informaci\u00f3n sobre la informaci\u00f3n<br>recopilados de otras fuentes.<\/p>\n\n\n\n<p><br><strong>\u00bfC\u00f3mo procesamos su informaci\u00f3n? <\/strong>Procesamos su informaci\u00f3n para<br>proporcionar, mejorar y administrar nuestros Servicios, comunicarnos con usted, para<br>seguridad y prevenci\u00f3n del fraude, y para cumplir con la ley. Tambi\u00e9n podemos<br>tratar su informaci\u00f3n para otros fines con su consentimiento. Tratamos<br>su informaci\u00f3n solo cuando tengamos una raz\u00f3n legal v\u00e1lida para hacerlo. M\u00e1s informaci\u00f3n<br>M\u00e1s informaci\u00f3n sobre c\u00f3mo procesamos su informaci\u00f3n.<\/p>\n\n\n\n<p><br><strong>\u00bfEn qu\u00e9 situaciones y con qu\u00e9 partes compartimos informaci\u00f3n personal?<br>\u00bfInformaci\u00f3n? <\/strong>Podemos compartir informaci\u00f3n en situaciones espec\u00edficas y con<br>terceros espec\u00edficos. Obtenga m\u00e1s informaci\u00f3n sobre cu\u00e1ndo y con qui\u00e9n compartimos<br>su informaci\u00f3n personal.<\/p>\n\n\n\n<p><strong>\u00bfCu\u00e1les son tus derechos?<\/strong> Dependiendo de d\u00f3nde se encuentre<br>Desde el punto de vista geogr\u00e1fico, la ley de privacidad aplicable puede implicar que usted tenga ciertos<br>derechos relacionados con su informaci\u00f3n personal. M\u00e1s informaci\u00f3n sobre su privacidad.<br>derechos.<\/p>\n\n\n\n<p><br><strong>\u00bfC\u00f3mo ejerces tus derechos? <\/strong>La forma m\u00e1s f\u00e1cil de ejercitar tu<br>Los derechos se pueden ejercer enviando una solicitud de acceso del interesado o poni\u00e9ndose en contacto con nosotros.<br>Consideraremos y actuaremos en funci\u00f3n de cualquier solicitud de conformidad con la legislaci\u00f3n aplicable.<br>leyes de protecci\u00f3n de datos.<\/p>\n\n\n\n<p><br>\u00bfQuieres saber m\u00e1s sobre lo que hacemos con la informaci\u00f3n que recopilamos?<br>\u00bfRecopilar? Revise el Aviso de privacidad en su totalidad.<br><\/p>\n\n\n\n<h3 class=\"wp-block-heading\">\u00cdNDICE<\/h3>\n\n\n\n<ol class=\"wp-block-list\">\n<li>\u00bfQU\u00c9 INFORMACI\u00d3N RECOPILAMOS?<\/li>\n\n\n\n<li>\u00bfC\u00d3MO PROCESAMOS TU INFORMACI\u00d3N?<\/li>\n\n\n\n<li>CU\u00c1NDO Y CON QUI\u00c9N COMPARTIMOS SU INFORMACI\u00d3N PERSONAL<br>\u00bfINFORMACI\u00d3N?<\/li>\n\n\n\n<li>\u00bfUTILIZAMOS COOKIES Y OTRAS TECNOLOG\u00cdAS DE SEGUIMIENTO?<\/li>\n\n\n\n<li>\u00bfC\u00d3MO GESTIONAMOS TUS INICIOS DE SESI\u00d3N EN REDES SOCIALES?<\/li>\n\n\n\n<li>\u00bfSE TRANSFEREN SUS DATOS A OTRO PA\u00cdS?<\/li>\n\n\n\n<li>\u00bfCU\u00c1NTO TIEMPO CONSERVAMOS SU INFORMACI\u00d3N?<\/li>\n\n\n\n<li>\u00bfCU\u00c1LES SON SUS DERECHOS DE PRIVACIDAD?<\/li>\n\n\n\n<li>CONTROLES PARA LAS FUNCIONES DE NO RASTREAR<\/li>\n\n\n\n<li>\u00bfACTUALIZAMOS ESTE AVISO?<\/li>\n\n\n\n<li>\u00bfC\u00d3MO PUEDE CONTACTARNOS EN RELACI\u00d3N CON ESTE AVISO?<\/li>\n\n\n\n<li>\u00bfC\u00d3MO PUEDE REVISAR, ACTUALIZAR O ELIMINAR LOS DATOS QUE TENEMOS SOBRE USTED?<br>\u00bfRECOGER DE USTED?<\/li>\n<\/ol>\n\n\n\n<p><\/p>\n\n\n\n<ol class=\"wp-block-list\">\n<li><strong>\u00bfQU\u00c9 INFORMACI\u00d3N RECOPILAMOS?<\/strong><br><br><strong>Informaci\u00f3n personal que nos proporciona<\/strong><br><br><em><strong>En resumen: <\/strong>Recopilamos la informaci\u00f3n personal que usted nos proporciona.<\/em><br><br>Recopilamos la informaci\u00f3n personal que usted nos proporciona voluntariamente cuando<br>registrarse en los Servicios, expresar inter\u00e9s en obtener informaci\u00f3n sobre<br>nosotros o nuestros productos y servicios, cuando participa en actividades en el<br>Servicios, o cuando se comunique con nosotros.<br><br><strong>Informaci\u00f3n confidencial.<\/strong> No procesamos informaci\u00f3n confidencial.<br><br>Toda la informaci\u00f3n personal que nos proporcione debe ser verdadera, completa y<br>precisos, y debe notificarnos cualquier cambio en dichos datos personales.<br>informaci\u00f3n.<br><br><strong>Informaci\u00f3n recopilada autom\u00e1ticamente<\/strong><br><br><em><strong>En resumen: <\/strong>Cierta informaci\u00f3n, como su direcci\u00f3n de Protocolo de Internet (IP).<br>y\/o las caracter\u00edsticas del navegador y del dispositivo, se recopilan autom\u00e1ticamente.<br>cuando visita nuestros Servicios.<\/em><br><br>Recopilamos autom\u00e1ticamente cierta informaci\u00f3n cuando visita, utiliza o<br>navegar por los Servicios. Esta informaci\u00f3n no revela su<br>identidad (como su nombre o informaci\u00f3n de contacto), pero puede incluir informaci\u00f3n sobre el dispositivo y<br>informaci\u00f3n de uso, como su direcci\u00f3n IP, navegador y dispositivo<br>caracter\u00edsticas, sistema operativo, preferencias de idioma, URL de referencia,<br>nombre del dispositivo, pa\u00eds, ubicaci\u00f3n, informaci\u00f3n sobre c\u00f3mo y cu\u00e1ndo lo utiliza<br>nuestros Servicios y otra informaci\u00f3n t\u00e9cnica. Esta informaci\u00f3n es principalmente<br>necesario para mantener la seguridad y el funcionamiento de nuestros Servicios, y para nuestro<br>fines de an\u00e1lisis interno y elaboraci\u00f3n de informes.<br><br>Al igual que muchas empresas, tambi\u00e9n recopilamos informaci\u00f3n a trav\u00e9s de cookies y<br>tecnolog\u00edas similares.<br><br><\/li>\n\n\n\n<li><strong>\u00bfC\u00d3MO PROCESAMOS TU INFORMACI\u00d3N?<\/strong><br><br><em><strong>En resumen:<\/strong> Procesamos su informaci\u00f3n para proporcionar, mejorar y administrar<br>nuestros Servicios, comunicarnos con usted, por motivos de seguridad y prevenci\u00f3n de fraudes, y<br>para cumplir con la ley. Tambi\u00e9n podemos procesar su informaci\u00f3n para otros fines.<br>con su consentimiento.<\/em><br><strong><br>Procesamos su informaci\u00f3n personal por diversos motivos:,<br>dependiendo de c\u00f3mo interact\u00faes con nuestros Servicios.<br><\/strong><br><\/li>\n\n\n\n<li><strong>CU\u00c1NDO Y CON QUI\u00c9N COMPARTIMOS SU INFORMACI\u00d3N<br>\u00bfINFORMACI\u00d3N PERSONAL?<br><\/strong><br><em><strong>En resumen:<\/strong> Podemos compartir informaci\u00f3n en situaciones espec\u00edficas descritas en este documento.<br>secci\u00f3n y\/o con los siguientes terceros.<\/em><br><em><br><\/em>Es posible que tengamos que compartir su informaci\u00f3n personal en las siguientes situaciones:<br><br>\u2022 <strong>Transferencias comerciales.<\/strong> Podemos compartir o transferir su informaci\u00f3n en<br>en relaci\u00f3n con, o durante las negociaciones de, cualquier fusi\u00f3n, venta de<br>activos de la empresa, financiaci\u00f3n o adquisici\u00f3n de la totalidad o parte de nuestra<br>negocio a otra empresa.<br>\u2022 <strong>Afiliados.<\/strong> Podemos compartir su informaci\u00f3n con nuestras filiales, en<br>en cuyo caso exigiremos a dichos afiliados que respeten esta Pol\u00edtica de Privacidad.<br>Aviso. Las filiales incluyen nuestra empresa matriz y cualquier subsidiaria.,<br>socios de empresas conjuntas u otras empresas que controlamos o que son<br>bajo control com\u00fan con nosotros.<br>\u2022 <strong>Socios comerciales.<\/strong> Podemos compartir su informaci\u00f3n con nuestros<br>socios comerciales para ofrecerle determinados productos, servicios o<br>promociones.<br><br><\/li>\n\n\n\n<li><strong>\u00bfUTILIZAMOS COOKIES Y OTROS M\u00c9TODOS DE SEGUIMIENTO?<br>\u00bfTECNOLOG\u00cdAS?<\/strong><br><br><em><strong>En resumen:<\/strong> Podemos utilizar cookies y otras tecnolog\u00edas de seguimiento para recopilar<br>y almacenar su informaci\u00f3n.<\/em><br><br>Podemos utilizar cookies y tecnolog\u00edas de seguimiento similares (como balizas web<br>y p\u00edxeles) para recopilar informaci\u00f3n cuando interact\u00faa con nuestros Servicios.<br>Algunas tecnolog\u00edas de seguimiento en l\u00ednea nos ayudan a mantener la seguridad de nuestro sitio web.<br>Servicios, evita fallos, corrige errores, guarda tus preferencias y ayuda con<br>funciones b\u00e1sicas del sitio.<br><br>Tambi\u00e9n permitimos que terceros y proveedores de servicios utilicen el seguimiento en l\u00ednea.<br>tecnolog\u00edas en nuestros Servicios para an\u00e1lisis y publicidad, incluyendo para ayudar a<br>gestionar y mostrar anuncios, para adaptar los anuncios a sus<br>intereses, o para enviar recordatorios de carritos de compra abandonados (dependiendo de<br>sus preferencias de comunicaci\u00f3n). Los terceros y proveedores de servicios<br>utilizar su tecnolog\u00eda para ofrecer publicidad sobre productos y servicios.<br>adaptados a sus intereses, que pueden aparecer tanto en nuestros Servicios como en<br>otros sitios web.<br><br>Informaci\u00f3n espec\u00edfica sobre c\u00f3mo utilizamos estas tecnolog\u00edas y c\u00f3mo puede<br>La forma de rechazar determinadas cookies se describe en nuestro Aviso sobre cookies.<br><br><\/li>\n\n\n\n<li><strong>\u00bfC\u00d3MO GESTIONAMOS TUS INICIOS DE SESI\u00d3N EN REDES SOCIALES?<\/strong><br><br><em><strong>En resumen:<\/strong> Si decide registrarse o iniciar sesi\u00f3n en nuestros Servicios utilizando una red social<br>cuenta de medios, es posible que tengamos acceso a cierta informaci\u00f3n sobre usted.<\/em><br><br>Nuestros Servicios le ofrecen la posibilidad de registrarse e iniciar sesi\u00f3n utilizando los datos de su cuenta de redes sociales de terceros (como sus inicios de sesi\u00f3n de Facebook o X). Donde<br>Si decide hacerlo, recibiremos cierta informaci\u00f3n de su perfil.<br>de su proveedor de redes sociales. La informaci\u00f3n de perfil que recibimos puede<br>var\u00edan en funci\u00f3n del proveedor de redes sociales en cuesti\u00f3n, pero a menudo<br>incluye tu nombre, direcci\u00f3n de correo electr\u00f3nico, lista de amigos y foto de perfil, as\u00ed como<br>as\u00ed como cualquier otra informaci\u00f3n que decidas hacer p\u00fablica en dichas redes sociales.<br>plataforma.<br><br>Utilizaremos la informaci\u00f3n que recibamos \u00fanicamente para los fines que sean<br>descritos en este Aviso de privacidad o que se le hayan explicado claramente de otra manera en<br>los Servicios pertinentes. Tenga en cuenta que no controlamos ni somos<br>responsable de otros usos de su informaci\u00f3n personal por parte de terceros<br>proveedor de redes sociales. Le recomendamos que revise su aviso de privacidad.<br>para comprender c\u00f3mo recopilan, utilizan y comparten su informaci\u00f3n personal,<br>y c\u00f3mo puedes configurar tus preferencias de privacidad en sus sitios web y aplicaciones.<br><\/li>\n\n\n\n<li><strong>\u00bfSE TRANSFERE SU INFORMACI\u00d3N?<br>\u00bfA NIVEL INTERNACIONAL?<br><\/strong><br><em><strong>En resumen:<\/strong> Podemos transferir, almacenar y procesar su informaci\u00f3n en pa\u00edses<br>que no sea el tuyo.<\/em><br><br>Nuestros servidores se encuentran en. Independientemente de su ubicaci\u00f3n, tenga en cuenta que<br>que su informaci\u00f3n puede ser transferida, almacenada y procesada por nosotros<br>en nuestras instalaciones y en las instalaciones de terceros con los que podamos<br>compartir su informaci\u00f3n personal (consulte \u201cCU\u00c1NDO Y CON QUI\u00c9N<br>\u00bfCOMPARTIR SU INFORMACI\u00d3N PERSONAL? (v\u00e9ase m\u00e1s arriba), incluidas las instalaciones.<br>en y otros pa\u00edses.<br><br>Si usted es residente en el Espacio Econ\u00f3mico Europeo (EEE), Estados Unidos<br>Reino Unido o Suiza, estos pa\u00edses no necesariamente<br>tienen leyes de protecci\u00f3n de datos u otras leyes similares tan exhaustivas como las<br>en su pa\u00eds. No obstante, tomaremos todas las medidas necesarias para proteger<br>su informaci\u00f3n personal de conformidad con este Aviso de privacidad y<br>ley aplicable.<br><\/li>\n\n\n\n<li><strong>\u00bfCU\u00c1NTO TIEMPO CONSERVAMOS SU INFORMACI\u00d3N?<\/strong><br><br><em><strong>En resumen:<\/strong> Conservamos su informaci\u00f3n durante el tiempo que sea necesario para cumplir con la<br>los fines descritos en este Aviso de privacidad, salvo que la ley exija lo contrario.<\/em><br><br>Solo conservaremos su informaci\u00f3n personal durante el tiempo que sea necesario.<br>para los fines establecidos en este Aviso de Privacidad, a menos que se requiera un per\u00edodo de retenci\u00f3n m\u00e1s largo.<br>El per\u00edodo es obligatorio o est\u00e1 permitido por la ley (por ejemplo, fiscal, contable u otros).<br>requisitos legales).<br><br>Cuando no tengamos ninguna necesidad comercial leg\u00edtima para procesar su<br>informaci\u00f3n personal, eliminaremos o anonimizaremos dicha informaci\u00f3n,<br>o, si esto no es posible (por ejemplo, porque su informaci\u00f3n personal<br>se ha almacenado en archivos de respaldo), entonces almacenaremos de forma segura su<br>informaci\u00f3n personal y aislarla de cualquier otro procesamiento hasta su eliminaci\u00f3n.<br>es posible.<br><br><\/li>\n\n\n\n<li><strong>\u00bfCU\u00c1LES SON SUS DERECHOS DE PRIVACIDAD?<\/strong><br><br><em><strong>En resumen:<\/strong> Puede revisar, modificar o cancelar su cuenta en cualquier momento.,<br>dependiendo de su pa\u00eds, provincia o estado de residencia.<\/em><br><br><strong>Retirar su consentimiento:<\/strong> Si dependemos de su consentimiento para procesar<br>su informaci\u00f3n personal, lo que puede constituir un consentimiento expreso y\/o impl\u00edcito<br>dependiendo de la legislaci\u00f3n aplicable, tienes derecho a retirar tu<br>consentimiento en cualquier momento. Puede retirar su consentimiento en cualquier momento mediante<br>poni\u00e9ndose en contacto con nosotros mediante los datos de contacto que figuran en la secci\u00f3n \u201cC\u00d3MO<br>\u00bfPUEDE CONTACTARNOS EN RELACI\u00d3N CON ESTE AVISO?\u201d.<br><br>Sin embargo, tenga en cuenta que esto no afectar\u00e1 la legalidad de la<br>procesamiento antes de su retirada ni, cuando la legislaci\u00f3n aplicable lo permita,<br>afectan al tratamiento de su informaci\u00f3n personal realizado en virtud de<br>Fundamentos legales para el tratamiento distintos del consentimiento.<br><br><strong>Informaci\u00f3n de la cuenta<br><\/strong><br>Si en cualquier momento desea revisar o modificar la informaci\u00f3n de su<br>cuenta o cancelarla, puede:<br>Tras su solicitud de cancelaci\u00f3n de su cuenta, desactivaremos o eliminaremos<br>su cuenta y la informaci\u00f3n de nuestras bases de datos activas. Sin embargo, podemos<br>conservar cierta informaci\u00f3n en nuestros archivos para prevenir el fraude, resolver problemas,<br>colaborar en cualquier investigaci\u00f3n, hacer cumplir nuestros t\u00e9rminos legales y\/o cumplir con<br>los requisitos legales aplicables.<br><br><\/li>\n\n\n\n<li><strong>CONTROLES PARA LAS FUNCIONES DE NO RASTREAR<br><\/strong><br>La mayor\u00eda de los navegadores web y algunos sistemas operativos m\u00f3viles y dispositivos m\u00f3viles.<br>Las aplicaciones incluyen una funci\u00f3n o configuraci\u00f3n de \u201cNo rastrear\u201d (DNT) que puede<br>Act\u00edvelo para indicar su preferencia de privacidad de no tener datos sobre su<br>actividades de navegaci\u00f3n en l\u00ednea supervisadas y recopiladas. En esta etapa, no existe un sistema uniforme<br>El est\u00e1ndar tecnol\u00f3gico para reconocer e implementar las se\u00f1ales DNT ha<br>finalizado. Por lo tanto, actualmente no respondemos a los navegadores DNT.<br>se\u00f1ales o cualquier otro mecanismo que comunique autom\u00e1ticamente su<br>opci\u00f3n de no ser rastreado en l\u00ednea. Si se adopta una norma para el rastreo en l\u00ednea<br>que debemos seguir en el futuro, le informaremos sobre esa pr\u00e1ctica en un<br>versi\u00f3n revisada de este Aviso de Privacidad.<br><br><\/li>\n\n\n\n<li><strong>\u00bfACTUALIZAMOS ESTE AVISO?<\/strong><br><br><em><strong>En resumen:<\/strong> S\u00ed, actualizaremos este aviso seg\u00fan sea necesario para mantener el cumplimiento normativo.<br>con las leyes pertinentes.<\/em><br><br>Podemos actualizar este Aviso de privacidad de vez en cuando. La versi\u00f3n actualizada<br>se indicar\u00e1 mediante una fecha de \u201cRevisi\u00f3n\u201d actualizada en la parte superior de esta Pol\u00edtica de Privacidad.<br>Aviso. Si realizamos cambios sustanciales en este Aviso de privacidad, es posible que lo notifiquemos.<br>ya sea mediante la publicaci\u00f3n destacada de un aviso sobre dichos cambios o directamente<br>envi\u00e1ndole una notificaci\u00f3n. Le recomendamos que revise este Aviso de privacidad.<br>con frecuencia para estar informado sobre c\u00f3mo protegemos su informaci\u00f3n.<br><br><\/li>\n\n\n\n<li><strong>\u00bfC\u00d3MO PUEDE CONTACTARNOS AL RESPECTO?<br>\u00bfAVISO?<\/strong><br><br>Si tiene alguna pregunta o comentario sobre este aviso, puede ponerse en contacto con nosotros.<br>por correo postal a:<br><strong>Fiestas Jur\u00e1sicas<br>18818 Brookhurst St.<br>Fountain Valley, CA<\/strong><br><br><\/li>\n\n\n\n<li><strong>\u00bfC\u00d3MO PUEDE REVISAR, ACTUALIZAR O ELIMINAR<br>\u00bfQU\u00c9 DATOS RECOPILAMOS SOBRE USTED?<\/strong><br><br>Seg\u00fan las leyes aplicables de su pa\u00eds, usted puede tener derecho a<br>solicitar acceso a la informaci\u00f3n personal que recopilamos sobre usted, detalles<br>sobre c\u00f3mo la hemos procesado, corregir inexactitudes o eliminar su<br>informaci\u00f3n personal. Tambi\u00e9n puede tener derecho a retirar su consentimiento.<br>sobre el tratamiento de sus datos personales. Estos derechos pueden estar limitados.<br>en algunas circunstancias, seg\u00fan la legislaci\u00f3n aplicable. Para solicitar la revisi\u00f3n, actualizaci\u00f3n o<br>Para eliminar su informaci\u00f3n personal, rellene y env\u00ede un formulario de solicitud de acceso a los datos personales.<br>solicitud de acceso.<\/li>\n<\/ol>\n\n\n\n<p><\/p>\n\t\t\t\t\t\t\t\t<\/div>\n\t\t\t\t\t<\/div>\n\t\t\t\t<\/div>\n\t\t\t\t<\/div>","protected":false},"excerpt":{"rendered":"<p>Privacy Policy Last Updated 11\/25\/2025 This Privacy Notice for Jurassic Parties (&#8220;we,&#8221; &#8220;us,&#8221; or &#8220;our&#8221;), describes howand why we might access, collect, store, use, and\/or share (&#8220;process&#8221;)your personal information when you use our services (&#8220;Services&#8221;). Questions or concerns? Reading this Privacy Notice will help youunderstand your privacy rights and choices. We are responsible for makingdecisions [&hellip;]<\/p>\n","protected":false},"author":6,"featured_media":0,"parent":0,"menu_order":0,"comment_status":"closed","ping_status":"open","template":"","meta":{"footnotes":""},"class_list":["post-3","page","type-page","status-publish","hentry"],"_links":{"self":[{"href":"https:\/\/jurassicparties.com\/es\/wp-json\/wp\/v2\/pages\/3","targetHints":{"allow":["GET"]}}],"collection":[{"href":"https:\/\/jurassicparties.com\/es\/wp-json\/wp\/v2\/pages"}],"about":[{"href":"https:\/\/jurassicparties.com\/es\/wp-json\/wp\/v2\/types\/page"}],"author":[{"embeddable":true,"href":"https:\/\/jurassicparties.com\/es\/wp-json\/wp\/v2\/users\/6"}],"replies":[{"embeddable":true,"href":"https:\/\/jurassicparties.com\/es\/wp-json\/wp\/v2\/comments?post=3"}],"version-history":[{"count":5,"href":"https:\/\/jurassicparties.com\/es\/wp-json\/wp\/v2\/pages\/3\/revisions"}],"predecessor-version":[{"id":4143,"href":"https:\/\/jurassicparties.com\/es\/wp-json\/wp\/v2\/pages\/3\/revisions\/4143"}],"wp:attachment":[{"href":"https:\/\/jurassicparties.com\/es\/wp-json\/wp\/v2\/media?parent=3"}],"curies":[{"name":"wp","href":"https:\/\/api.w.org\/{rel}","templated":true}]}}