{"id":117,"date":"2025-07-18T13:47:04","date_gmt":"2025-07-18T20:47:04","guid":{"rendered":"https:\/\/staging.jurassicparties.com\/?page_id=117"},"modified":"2026-03-16T23:47:15","modified_gmt":"2026-03-17T06:47:15","slug":"about-us","status":"publish","type":"page","link":"https:\/\/jurassicparties.com\/es\/about-us\/","title":{"rendered":"Qui\u00e9nes somos"},"content":{"rendered":"<div data-elementor-type=\"wp-page\" data-elementor-id=\"117\" class=\"elementor elementor-117\" data-elementor-post-type=\"page\">\n\t\t\t\t<div class=\"elementor-element elementor-element-146a8c4e e-flex e-con-boxed e-con e-parent\" data-id=\"146a8c4e\" data-element_type=\"container\" data-e-type=\"container\" data-settings=\"{&quot;background_background&quot;:&quot;classic&quot;}\">\n\t\t\t\t\t<div class=\"e-con-inner\">\n\t\t<div class=\"elementor-element elementor-element-26f92ef e-con-full e-flex e-con e-child\" data-id=\"26f92ef\" data-element_type=\"container\" data-e-type=\"container\">\n\t\t\t\t<div class=\"elementor-element elementor-element-25696782 elementor-invisible elementor-widget elementor-widget-heading\" data-id=\"25696782\" data-element_type=\"widget\" data-e-type=\"widget\" data-settings=\"{&quot;_animation&quot;:&quot;fadeInUp&quot;}\" data-widget_type=\"heading.default\">\n\t\t\t\t\t<h1 class=\"elementor-heading-title elementor-size-default\">Qui\u00e9nes somos<\/h1>\t\t\t\t<\/div>\n\t\t\t\t<div class=\"elementor-element elementor-element-68681e66 animated-slow elementor-invisible elementor-widget elementor-widget-heading\" data-id=\"68681e66\" data-element_type=\"widget\" data-e-type=\"widget\" data-settings=\"{&quot;_animation&quot;:&quot;fadeInUp&quot;,&quot;_animation_delay&quot;:200}\" data-widget_type=\"heading.default\">\n\t\t\t\t\t<h4 class=\"elementor-heading-title elementor-size-default\"> Jurassic Parties lleva casi 30 a\u00f1os comprometida con el servicio a la comunidad, con m\u00e1s de 20 000 eventos organizados hasta la fecha.<\/h4>\t\t\t\t<\/div>\n\t\t\t\t<\/div>\n\t\t\t\t\t<\/div>\n\t\t\t\t<\/div>\n\t\t<div class=\"elementor-element elementor-element-62a9a039 e-flex e-con-boxed e-con e-parent\" data-id=\"62a9a039\" data-element_type=\"container\" data-e-type=\"container\" data-settings=\"{&quot;background_background&quot;:&quot;classic&quot;}\">\n\t\t\t\t\t<div class=\"e-con-inner\">\n\t\t<div class=\"elementor-element elementor-element-4a719812 e-con-full e-flex e-con e-child\" data-id=\"4a719812\" data-element_type=\"container\" data-e-type=\"container\">\n\t\t\t\t<div class=\"elementor-element elementor-element-21250e11 elementor-invisible elementor-widget elementor-widget-image\" data-id=\"21250e11\" data-element_type=\"widget\" data-e-type=\"widget\" data-settings=\"{&quot;_animation&quot;:&quot;rotateIn&quot;,&quot;_animation_delay&quot;:200}\" data-widget_type=\"image.default\">\n\t\t\t\t\t\t\t\t\t\t\t\t\t\t\t<img fetchpriority=\"high\" decoding=\"async\" width=\"1440\" height=\"1777\" src=\"https:\/\/jurassicparties.com\/wp-content\/uploads\/2025\/07\/161780740_285921046235037_8014803645837716429_n.jpg\" class=\"attachment-full size-full wp-image-429\" alt=\"A young Jay Prehistoric holding up an iguana\" srcset=\"https:\/\/jurassicparties.com\/wp-content\/uploads\/2025\/07\/161780740_285921046235037_8014803645837716429_n.jpg 1440w, https:\/\/jurassicparties.com\/wp-content\/uploads\/2025\/07\/161780740_285921046235037_8014803645837716429_n-243x300.jpg 243w, https:\/\/jurassicparties.com\/wp-content\/uploads\/2025\/07\/161780740_285921046235037_8014803645837716429_n-830x1024.jpg 830w, https:\/\/jurassicparties.com\/wp-content\/uploads\/2025\/07\/161780740_285921046235037_8014803645837716429_n-768x948.jpg 768w, https:\/\/jurassicparties.com\/wp-content\/uploads\/2025\/07\/161780740_285921046235037_8014803645837716429_n-1245x1536.jpg 1245w\" sizes=\"(max-width: 1440px) 100vw, 1440px\" \/>\t\t\t\t\t\t\t\t\t\t\t\t\t\t\t<\/div>\n\t\t\t\t<div class=\"elementor-element elementor-element-3e42014 elementor-invisible elementor-widget elementor-widget-image\" data-id=\"3e42014\" data-element_type=\"widget\" data-e-type=\"widget\" data-settings=\"{&quot;_animation&quot;:&quot;fadeInUp&quot;,&quot;_animation_delay&quot;:200}\" data-widget_type=\"image.default\">\n\t\t\t\t\t\t\t\t\t\t\t\t\t\t\t<img decoding=\"async\" width=\"800\" height=\"242\" src=\"https:\/\/jurassicparties.com\/wp-content\/uploads\/2025\/10\/profile_1_cutout-2-scaled-e1759782726614-1024x310.png\" class=\"attachment-large size-large wp-image-1907\" alt=\"\" srcset=\"https:\/\/jurassicparties.com\/wp-content\/uploads\/2025\/10\/profile_1_cutout-2-scaled-e1759782726614-1024x310.png 1024w, https:\/\/jurassicparties.com\/wp-content\/uploads\/2025\/10\/profile_1_cutout-2-scaled-e1759782726614-300x91.png 300w, https:\/\/jurassicparties.com\/wp-content\/uploads\/2025\/10\/profile_1_cutout-2-scaled-e1759782726614-768x232.png 768w, https:\/\/jurassicparties.com\/wp-content\/uploads\/2025\/10\/profile_1_cutout-2-scaled-e1759782726614-1536x465.png 1536w, https:\/\/jurassicparties.com\/wp-content\/uploads\/2025\/10\/profile_1_cutout-2-scaled-e1759782726614-2048x620.png 2048w, https:\/\/jurassicparties.com\/wp-content\/uploads\/2025\/10\/profile_1_cutout-2-scaled-e1759782726614-18x5.png 18w\" sizes=\"(max-width: 800px) 100vw, 800px\" \/>\t\t\t\t\t\t\t\t\t\t\t\t\t\t\t<\/div>\n\t\t\t\t<div class=\"elementor-element elementor-element-d6be4bd e-transform elementor-invisible elementor-widget elementor-widget-image\" data-id=\"d6be4bd\" data-element_type=\"widget\" data-e-type=\"widget\" data-settings=\"{&quot;_animation&quot;:&quot;fadeIn&quot;,&quot;_transform_translateX_effect&quot;:{&quot;unit&quot;:&quot;px&quot;,&quot;size&quot;:73,&quot;sizes&quot;:[]},&quot;_transform_translateY_effect&quot;:{&quot;unit&quot;:&quot;px&quot;,&quot;size&quot;:0,&quot;sizes&quot;:[]},&quot;_transform_translateX_effect_tablet&quot;:{&quot;unit&quot;:&quot;px&quot;,&quot;size&quot;:0,&quot;sizes&quot;:[]},&quot;_transform_translateX_effect_mobile&quot;:{&quot;unit&quot;:&quot;px&quot;,&quot;size&quot;:&quot;&quot;,&quot;sizes&quot;:[]},&quot;_transform_translateY_effect_tablet&quot;:{&quot;unit&quot;:&quot;px&quot;,&quot;size&quot;:&quot;&quot;,&quot;sizes&quot;:[]},&quot;_transform_translateY_effect_mobile&quot;:{&quot;unit&quot;:&quot;px&quot;,&quot;size&quot;:&quot;&quot;,&quot;sizes&quot;:[]}}\" data-widget_type=\"image.default\">\n\t\t\t\t\t\t\t\t\t\t\t\t\t\t\t<img decoding=\"async\" width=\"800\" height=\"740\" src=\"https:\/\/jurassicparties.com\/wp-content\/uploads\/2025\/10\/top_2_cutout-2-scaled-e1760735279758-1024x947.png\" class=\"attachment-large size-large wp-image-2314\" alt=\"\" srcset=\"https:\/\/jurassicparties.com\/wp-content\/uploads\/2025\/10\/top_2_cutout-2-scaled-e1760735279758-1024x947.png 1024w, https:\/\/jurassicparties.com\/wp-content\/uploads\/2025\/10\/top_2_cutout-2-scaled-e1760735279758-300x277.png 300w, https:\/\/jurassicparties.com\/wp-content\/uploads\/2025\/10\/top_2_cutout-2-scaled-e1760735279758-768x710.png 768w, https:\/\/jurassicparties.com\/wp-content\/uploads\/2025\/10\/top_2_cutout-2-scaled-e1760735279758-13x12.png 13w, https:\/\/jurassicparties.com\/wp-content\/uploads\/2025\/10\/top_2_cutout-2-scaled-e1760735279758.png 1532w\" sizes=\"(max-width: 800px) 100vw, 800px\" \/>\t\t\t\t\t\t\t\t\t\t\t\t\t\t\t<\/div>\n\t\t\t\t<div class=\"elementor-element elementor-element-df1d85f elementor-widget__width-initial elementor-absolute elementor-invisible elementor-widget elementor-widget-image\" data-id=\"df1d85f\" data-element_type=\"widget\" data-e-type=\"widget\" data-settings=\"{&quot;_position&quot;:&quot;absolute&quot;,&quot;_animation&quot;:&quot;fadeInUp&quot;,&quot;_animation_delay&quot;:200}\" data-widget_type=\"image.default\">\n\t\t\t\t\t\t\t\t\t\t\t\t\t\t\t<img loading=\"lazy\" decoding=\"async\" width=\"1440\" height=\"1440\" src=\"https:\/\/jurassicparties.com\/wp-content\/uploads\/2025\/07\/102724425_10158639279210921_2950861182885950819_n.jpg\" class=\"attachment-full size-full wp-image-428\" alt=\"Jay Prehistoric holding a large Iguana\" srcset=\"https:\/\/jurassicparties.com\/wp-content\/uploads\/2025\/07\/102724425_10158639279210921_2950861182885950819_n.jpg 1440w, https:\/\/jurassicparties.com\/wp-content\/uploads\/2025\/07\/102724425_10158639279210921_2950861182885950819_n-300x300.jpg 300w, https:\/\/jurassicparties.com\/wp-content\/uploads\/2025\/07\/102724425_10158639279210921_2950861182885950819_n-1024x1024.jpg 1024w, https:\/\/jurassicparties.com\/wp-content\/uploads\/2025\/07\/102724425_10158639279210921_2950861182885950819_n-150x150.jpg 150w, https:\/\/jurassicparties.com\/wp-content\/uploads\/2025\/07\/102724425_10158639279210921_2950861182885950819_n-768x768.jpg 768w\" sizes=\"(max-width: 1440px) 100vw, 1440px\" \/>\t\t\t\t\t\t\t\t\t\t\t\t\t\t\t<\/div>\n\t\t\t\t<\/div>\n\t\t<div class=\"elementor-element elementor-element-47e392ba e-con-full e-flex elementor-invisible e-con e-child\" data-id=\"47e392ba\" data-element_type=\"container\" data-e-type=\"container\" data-settings=\"{&quot;animation&quot;:&quot;fadeInLeft&quot;}\">\n\t\t\t\t<div class=\"elementor-element elementor-element-65837728 elementor-widget elementor-widget-heading\" data-id=\"65837728\" data-element_type=\"widget\" data-e-type=\"widget\" data-widget_type=\"heading.default\">\n\t\t\t\t\t<h6 class=\"elementor-heading-title elementor-size-default\">Nuestra historia<\/h6>\t\t\t\t<\/div>\n\t\t\t\t<div class=\"elementor-element elementor-element-61df3d75 elementor-widget elementor-widget-heading\" data-id=\"61df3d75\" data-element_type=\"widget\" data-e-type=\"widget\" data-widget_type=\"heading.default\">\n\t\t\t\t\t<h2 class=\"elementor-heading-title elementor-size-default\">Todo comenz\u00f3 con un sue\u00f1o.<\/h2>\t\t\t\t<\/div>\n\t\t\t\t<div class=\"elementor-element elementor-element-4e46d140 elementor-widget elementor-widget-heading\" data-id=\"4e46d140\" data-element_type=\"widget\" data-e-type=\"widget\" data-widget_type=\"heading.default\">\n\t\t\t\t\t<h4 class=\"elementor-heading-title elementor-size-default\">La pasi\u00f3n infantil de Jay Brewer y su temprana incursi\u00f3n en el sector han permitido que nuestra empresa familiar comparta alegr\u00eda y conocimientos con nuestra comunidad desde 1988.<\/h4>\t\t\t\t<\/div>\n\t\t\t\t<div class=\"elementor-element elementor-element-2fb953e3 elementor-widget elementor-widget-heading\" data-id=\"2fb953e3\" data-element_type=\"widget\" data-e-type=\"widget\" data-widget_type=\"heading.default\">\n\t\t\t\t\t<div class=\"elementor-heading-title elementor-size-default\">Prehistoric Pets comenz\u00f3 en 1988 como Pet Country, con la misi\u00f3n de proporcionar mascotas tradicionales y ex\u00f3ticas a la comunidad. A medida que nuestra base de clientes y nuestra pasi\u00f3n por los reptiles crecieron, ampliamos nuestra oferta para incluir experiencias educativas inmersivas que muestran reptiles de todo el mundo.<br><br>En 1997, lanzamos Jurassic Parties, creado para fomentar la comprensi\u00f3n y el aprecio del p\u00fablico por los reptiles a trav\u00e9s de eventos divertidos, pr\u00e1cticos y educativos.<br><br>En 2009, presentamos The Reptile Zoo, una atracci\u00f3n innovadora dise\u00f1ada por el fundador Jay Brewer. Basada en la filosof\u00eda de \u201cconstr\u00fayelo y ellos vendr\u00e1n\u201d, r\u00e1pidamente se convirti\u00f3 en un destino \u00fanico donde los visitantes pod\u00edan observar reptiles raros y ex\u00f3ticos, muchos de los cuales ni siquiera se encuentran en los principales zool\u00f3gicos.<\/div>\t\t\t\t<\/div>\n\t\t\t\t<\/div>\n\t\t\t\t\t<\/div>\n\t\t\t\t<\/div>\n\t\t<div class=\"elementor-element elementor-element-31fa055 e-flex e-con-boxed elementor-invisible e-con e-parent\" data-id=\"31fa055\" data-element_type=\"container\" data-e-type=\"container\" data-settings=\"{&quot;background_background&quot;:&quot;classic&quot;,&quot;animation&quot;:&quot;fadeInUp&quot;}\">\n\t\t\t\t\t<div class=\"e-con-inner\">\n\t\t\t\t<div class=\"elementor-element elementor-element-c685db5 elementor-widget__width-initial elementor-widget elementor-widget-heading\" data-id=\"c685db5\" data-element_type=\"widget\" data-e-type=\"widget\" data-widget_type=\"heading.default\">\n\t\t\t\t\t<h4 class=\"elementor-heading-title elementor-size-default\">Viva una aventura \u00fanica, educativa y pr\u00e1ctica en la que conocer\u00e1 de cerca a animales de todo el mundo, grandes y peque\u00f1os, espeluznantes y simp\u00e1ticos.<\/h4>\t\t\t\t<\/div>\n\t\t\t\t<div class=\"elementor-element elementor-element-533ccb4 all-page-amelia-booking-form elementor-widget elementor-widget-button\" data-id=\"533ccb4\" data-element_type=\"widget\" data-e-type=\"widget\" data-widget_type=\"button.default\">\n\t\t\t\t\t\t\t\t\t\t<a class=\"elementor-button elementor-button-link elementor-size-sm\" href=\"#\">\n\t\t\t\t\t\t<span class=\"elementor-button-content-wrapper\">\n\t\t\t\t\t\t\t\t\t<span class=\"elementor-button-text\">Reserve su evento<\/span>\n\t\t\t\t\t<\/span>\n\t\t\t\t\t<\/a>\n\t\t\t\t\t\t\t\t<\/div>\n\t\t\t\t\t<\/div>\n\t\t\t\t<\/div>\n\t\t<div class=\"elementor-element elementor-element-48834f44 e-grid e-con-boxed e-con e-parent\" data-id=\"48834f44\" data-element_type=\"container\" data-e-type=\"container\" data-settings=\"{&quot;background_background&quot;:&quot;classic&quot;}\">\n\t\t\t\t\t<div class=\"e-con-inner\">\n\t\t<div class=\"elementor-element elementor-element-9a601c7 e-flex e-con-boxed elementor-invisible e-con e-child\" data-id=\"9a601c7\" data-element_type=\"container\" data-e-type=\"container\" data-settings=\"{&quot;background_background&quot;:&quot;classic&quot;,&quot;animation&quot;:&quot;fadeInLeft&quot;}\">\n\t\t\t\t\t<div class=\"e-con-inner\">\n\t\t\t\t<div class=\"elementor-element elementor-element-e23a70b elementor-widget elementor-widget-icon-box\" data-id=\"e23a70b\" data-element_type=\"widget\" data-e-type=\"widget\" data-widget_type=\"icon-box.default\">\n\t\t\t\t\t\t\t<div class=\"elementor-icon-box-wrapper\">\n\n\t\t\t\n\t\t\t\t\t\t<div class=\"elementor-icon-box-content\">\n\n\t\t\t\t\t\t\t\t\t<h4 class=\"elementor-icon-box-title\">\n\t\t\t\t\t\t<span  >\n\t\t\t\t\t\t\tNuestros animales\t\t\t\t\t\t<\/span>\n\t\t\t\t\t<\/h4>\n\t\t\t\t\n\t\t\t\t\t\t\t\t\t<p class=\"elementor-icon-box-description\">\n\t\t\t\t\t\tSea cual sea el tipo de evento, tu aventura jur\u00e1sica comienza con una emocionante presentaci\u00f3n pr\u00e1ctica con animales ex\u00f3ticos de todo el mundo, incluyendo serpientes grandes, lagartos, ranas, tortugas y tar\u00e1ntulas, por nombrar solo algunos.\t\t\t\t\t<\/p>\n\t\t\t\t\n\t\t\t<\/div>\n\t\t\t\n\t\t<\/div>\n\t\t\t\t\t\t<\/div>\n\t\t\t\t\t<\/div>\n\t\t\t\t<\/div>\n\t\t<div class=\"elementor-element elementor-element-24285fc6 e-grid e-con-boxed e-con e-child\" data-id=\"24285fc6\" data-element_type=\"container\" data-e-type=\"container\">\n\t\t\t\t\t<div class=\"e-con-inner\">\n\t\t<div class=\"elementor-element elementor-element-5807adb2 e-con-full e-flex elementor-invisible e-con e-child\" data-id=\"5807adb2\" data-element_type=\"container\" data-e-type=\"container\" data-settings=\"{&quot;background_background&quot;:&quot;classic&quot;,&quot;animation&quot;:&quot;fadeInDown&quot;}\">\n\t\t\t\t<div class=\"elementor-element elementor-element-6378060 elementor-widget elementor-widget-icon-box\" data-id=\"6378060\" data-element_type=\"widget\" data-e-type=\"widget\" data-widget_type=\"icon-box.default\">\n\t\t\t\t\t\t\t<div class=\"elementor-icon-box-wrapper\">\n\n\t\t\t\n\t\t\t\t\t\t<div class=\"elementor-icon-box-content\">\n\n\t\t\t\t\t\t\t\t\t<h4 class=\"elementor-icon-box-title\">\n\t\t\t\t\t\t<span  >\n\t\t\t\t\t\t\tNuestra misi\u00f3n\t\t\t\t\t\t<\/span>\n\t\t\t\t\t<\/h4>\n\t\t\t\t\n\t\t\t\t\t\t\t\t\t<p class=\"elementor-icon-box-description\">\n\t\t\t\t\t\tJurassic Parties se esfuerza por ofrecer experiencias inolvidables y un lugar donde la curiosidad por los reptiles se convierta en una pasi\u00f3n para toda la vida.\t\t\t\t\t<\/p>\n\t\t\t\t\n\t\t\t<\/div>\n\t\t\t\n\t\t<\/div>\n\t\t\t\t\t\t<\/div>\n\t\t\t\t<\/div>\n\t\t<div class=\"elementor-element elementor-element-48c8ff4f e-con-full e-flex elementor-invisible e-con e-child\" data-id=\"48c8ff4f\" data-element_type=\"container\" data-e-type=\"container\" data-settings=\"{&quot;background_background&quot;:&quot;classic&quot;,&quot;animation&quot;:&quot;fadeInUp&quot;}\">\n\t\t\t\t<div class=\"elementor-element elementor-element-0a47626 elementor-widget elementor-widget-icon-box\" data-id=\"0a47626\" data-element_type=\"widget\" data-e-type=\"widget\" data-widget_type=\"icon-box.default\">\n\t\t\t\t\t\t\t<div class=\"elementor-icon-box-wrapper\">\n\n\t\t\t\n\t\t\t\t\t\t<div class=\"elementor-icon-box-content\">\n\n\t\t\t\t\t\t\t\t\t<h4 class=\"elementor-icon-box-title\">\n\t\t\t\t\t\t<span  >\n\t\t\t\t\t\t\tLa familia es lo primero\t\t\t\t\t\t<\/span>\n\t\t\t\t\t<\/h4>\n\t\t\t\t\n\t\t\t\t\t\t\t\t\t<p class=\"elementor-icon-box-description\">\n\t\t\t\t\t\tNuestra empresa familiar sigue creciendo con generaciones de la familia Brewer ofreciendo experiencias que se pueden disfrutar a cualquier edad.\t\t\t\t\t<\/p>\n\t\t\t\t\n\t\t\t<\/div>\n\t\t\t\n\t\t<\/div>\n\t\t\t\t\t\t<\/div>\n\t\t\t\t<\/div>\n\t\t\t\t\t<\/div>\n\t\t\t\t<\/div>\n\t\t\t\t\t<\/div>\n\t\t\t\t<\/div>\n\t\t<div class=\"elementor-element elementor-element-6a63cb40 e-flex e-con-boxed e-con e-parent\" data-id=\"6a63cb40\" data-element_type=\"container\" data-e-type=\"container\" data-settings=\"{&quot;background_background&quot;:&quot;classic&quot;}\">\n\t\t\t\t\t<div class=\"e-con-inner\">\n\t\t<div class=\"elementor-element elementor-element-1b6c4850 e-con-full e-flex e-con e-child\" data-id=\"1b6c4850\" data-element_type=\"container\" data-e-type=\"container\">\n\t\t\t\t<div class=\"elementor-element elementor-element-52226e4 animated-fast elementor-invisible elementor-widget elementor-widget-heading\" data-id=\"52226e4\" data-element_type=\"widget\" data-e-type=\"widget\" data-settings=\"{&quot;_animation&quot;:&quot;fadeInUp&quot;,&quot;_animation_delay&quot;:200}\" data-widget_type=\"heading.default\">\n\t\t\t\t\t<h1 class=\"elementor-heading-title elementor-size-default\">Una experiencia salvaje que todos disfrutar\u00e1n<\/h1>\t\t\t\t<\/div>\n\t\t\t\t<div class=\"elementor-element elementor-element-9689d31 elementor-invisible elementor-widget elementor-widget-heading\" data-id=\"9689d31\" data-element_type=\"widget\" data-e-type=\"widget\" data-settings=\"{&quot;_animation&quot;:&quot;fadeInUp&quot;,&quot;_animation_delay&quot;:300}\" data-widget_type=\"heading.default\">\n\t\t\t\t\t<div class=\"elementor-heading-title elementor-size-default\">Crea recuerdos que se arrastran, se deslizan y muerden: \u00a1reserva tu fiesta hoy mismo! <\/div>\t\t\t\t<\/div>\n\t\t\t\t<div class=\"elementor-element elementor-element-317e770 elementor-align-center animated-slow all-page-amelia-booking-form elementor-invisible elementor-widget elementor-widget-button\" data-id=\"317e770\" data-element_type=\"widget\" data-e-type=\"widget\" data-settings=\"{&quot;_animation&quot;:&quot;fadeInUp&quot;,&quot;_animation_delay&quot;:350}\" data-widget_type=\"button.default\">\n\t\t\t\t\t\t\t\t\t\t<a class=\"elementor-button elementor-button-link elementor-size-sm\" href=\"#\">\n\t\t\t\t\t\t<span class=\"elementor-button-content-wrapper\">\n\t\t\t\t\t\t\t\t\t<span class=\"elementor-button-text\">Reserve ahora<\/span>\n\t\t\t\t\t<\/span>\n\t\t\t\t\t<\/a>\n\t\t\t\t\t\t\t\t<\/div>\n\t\t\t\t<\/div>\n\t\t\t\t<div class=\"elementor-element elementor-element-383e2446 elementor-widget__width-inherit elementor-absolute elementor-widget elementor-widget-spacer\" data-id=\"383e2446\" data-element_type=\"widget\" data-e-type=\"widget\" data-settings=\"{&quot;_position&quot;:&quot;absolute&quot;}\" data-widget_type=\"spacer.default\">\n\t\t\t\t\t\t\t<div class=\"elementor-spacer\">\n\t\t\t<div class=\"elementor-spacer-inner\"><\/div>\n\t\t<\/div>\n\t\t\t\t\t\t<\/div>\n\t\t\t\t\t<\/div>\n\t\t\t\t<\/div>\n\t\t<div class=\"elementor-element elementor-element-52931063 e-flex e-con-boxed e-con e-parent\" data-id=\"52931063\" data-element_type=\"container\" data-e-type=\"container\">\n\t\t\t\t\t<div class=\"e-con-inner\">\n\t\t\t\t<div class=\"elementor-element elementor-element-23c54109 elementor-widget__width-initial elementor-invisible elementor-widget elementor-widget-heading\" data-id=\"23c54109\" data-element_type=\"widget\" data-e-type=\"widget\" data-settings=\"{&quot;_animation&quot;:&quot;fadeInUp&quot;}\" data-widget_type=\"heading.default\">\n\t\t\t\t\t<h4 class=\"elementor-heading-title elementor-size-default\">M\u00e1s de 20.000 actividades educativas pr\u00e1cticas hasta la fecha.<\/h4>\t\t\t\t<\/div>\n\t\t\t\t<div class=\"elementor-element elementor-element-84a92fb elementor-widget elementor-widget-global elementor-global-2594 elementor-widget-image-carousel\" data-id=\"84a92fb\" data-element_type=\"widget\" data-e-type=\"widget\" data-settings=\"{&quot;slides_to_show&quot;:&quot;7&quot;,&quot;slides_to_show_tablet&quot;:&quot;5&quot;,&quot;slides_to_show_mobile&quot;:&quot;3&quot;,&quot;slides_to_scroll&quot;:&quot;1&quot;,&quot;navigation&quot;:&quot;none&quot;,&quot;image_spacing_custom_mobile&quot;:{&quot;unit&quot;:&quot;px&quot;,&quot;size&quot;:15,&quot;sizes&quot;:[]},&quot;autoplay&quot;:&quot;yes&quot;,&quot;pause_on_hover&quot;:&quot;yes&quot;,&quot;pause_on_interaction&quot;:&quot;yes&quot;,&quot;autoplay_speed&quot;:5000,&quot;infinite&quot;:&quot;yes&quot;,&quot;speed&quot;:500,&quot;image_spacing_custom&quot;:{&quot;unit&quot;:&quot;px&quot;,&quot;size&quot;:20,&quot;sizes&quot;:[]},&quot;image_spacing_custom_tablet&quot;:{&quot;unit&quot;:&quot;px&quot;,&quot;size&quot;:&quot;&quot;,&quot;sizes&quot;:[]}}\" data-widget_type=\"image-carousel.default\">\n\t\t\t\t\t\t\t<div class=\"elementor-image-carousel-wrapper swiper\" role=\"region\" aria-roledescription=\"carousel\" aria-label=\"Carrusel de im\u00e1genes\" dir=\"ltr\">\n\t\t\t<div class=\"elementor-image-carousel swiper-wrapper\" aria-live=\"off\">\n\t\t\t\t\t\t\t\t<div class=\"swiper-slide\" role=\"group\" aria-roledescription=\"slide\" aria-label=\"1 de 9\"><figure class=\"swiper-slide-inner\"><img decoding=\"async\" class=\"swiper-slide-image\" src=\"https:\/\/jurassicparties.com\/wp-content\/uploads\/elementor\/thumbs\/faefd6f6-dd8d-462a-87fa-6de88c0ca8d8-scaled-relydyjfe6dzg11avepaij5jpeagsqi0sy5fkn3k74.png\" alt=\"Make-A-Wish Logo\" \/><\/figure><\/div><div class=\"swiper-slide\" role=\"group\" aria-roledescription=\"slide\" aria-label=\"2 de 9\"><figure class=\"swiper-slide-inner\"><img decoding=\"async\" class=\"swiper-slide-image\" src=\"https:\/\/jurassicparties.com\/wp-content\/uploads\/elementor\/thumbs\/f6731010-d03d-423a-88ef-0f11579a8f13-rdjd8zmj7vvmyxus4r7v04dc364ydecujj1zc3wagw.png\" alt=\"Taco Bell Logo\" \/><\/figure><\/div><div class=\"swiper-slide\" role=\"group\" aria-roledescription=\"slide\" aria-label=\"3 de 9\"><figure class=\"swiper-slide-inner\"><img decoding=\"async\" class=\"swiper-slide-image\" src=\"https:\/\/jurassicparties.com\/wp-content\/uploads\/elementor\/thumbs\/los-angeles-lakers-seeklogo-rdjd56e3i2nrvve4e3wbw301cwxd5l81cnt39pjrpc.png\" alt=\"los angeles lakers logo\" \/><\/figure><\/div><div class=\"swiper-slide\" role=\"group\" aria-roledescription=\"slide\" aria-label=\"4 de 9\"><figure class=\"swiper-slide-inner\"><img decoding=\"async\" class=\"swiper-slide-image\" src=\"https:\/\/jurassicparties.com\/wp-content\/uploads\/elementor\/thumbs\/a419ab95-d10b-404e-8679-47346799b7fe-e1761057137809-rdjdddjf41vt5fheinh6n0irvwimajrr58njyle5fk.png\" alt=\"LAUSD Unified Logo\" \/><\/figure><\/div><div class=\"swiper-slide\" role=\"group\" aria-roledescription=\"slide\" aria-label=\"5 de 9\"><figure class=\"swiper-slide-inner\"><img decoding=\"async\" class=\"swiper-slide-image\" src=\"https:\/\/jurassicparties.com\/wp-content\/uploads\/elementor\/thumbs\/458bccef-8e0a-4cb8-8f31-c594ca68fa1f-e1761057107551-rdjdckef86rx5inq8svqzpvhgyi8nxk2p8fi30lcsg.png\" alt=\"South Coast Plaza Logo\" \/><\/figure><\/div><div class=\"swiper-slide\" role=\"group\" aria-roledescription=\"slide\" aria-label=\"6 de 9\"><figure class=\"swiper-slide-inner\"><img decoding=\"async\" class=\"swiper-slide-image\" src=\"https:\/\/jurassicparties.com\/wp-content\/uploads\/elementor\/thumbs\/2NDPCH-Logo-Dark-rdjd4v41828c0jui7z0t25ui8agyl7z9b3z9ie0hs0.webp\" alt=\"2ND &amp; PCH Logo\" \/><\/figure><\/div><div class=\"swiper-slide\" role=\"group\" aria-roledescription=\"slide\" aria-label=\"7 de 9\"><figure class=\"swiper-slide-inner\"><img decoding=\"async\" class=\"swiper-slide-image\" src=\"https:\/\/jurassicparties.com\/wp-content\/uploads\/elementor\/thumbs\/SAUSDLogo-e1761057054603-rdjdb6kz5yvq26o3bpcitkg1zjbsbz2audurncn7y8.png\" alt=\"SAUSDLogo\" \/><\/figure><\/div><div class=\"swiper-slide\" role=\"group\" aria-roledescription=\"slide\" aria-label=\"8 de 9\"><figure class=\"swiper-slide-inner\"><img decoding=\"async\" class=\"swiper-slide-image\" src=\"https:\/\/jurassicparties.com\/wp-content\/uploads\/elementor\/thumbs\/RMHC_Logo-horiz-color-tagline-rdjd589rvqqcj3be34pl12iyjoo3kzfi0x4289gzcw.png\" alt=\"Ronald McDonald House Charities Logo\" \/><\/figure><\/div><div class=\"swiper-slide\" role=\"group\" aria-roledescription=\"slide\" aria-label=\"9 de 9\"><figure class=\"swiper-slide-inner\"><img decoding=\"async\" class=\"swiper-slide-image\" src=\"https:\/\/jurassicparties.com\/wp-content\/uploads\/elementor\/thumbs\/google-wordmarks-2x-rkmoqs5ldcj9vg5qsf25h846dsr2u5ry7qpkhgderk.webp\" alt=\"google-wordmarks-2x\" \/><\/figure><\/div>\t\t\t<\/div>\n\t\t\t\t\t\t\t\n\t\t\t\t\t\t\t\t\t<\/div>\n\t\t\t\t\t\t<\/div>\n\t\t\t\t\t<\/div>\n\t\t\t\t<\/div>\n\t\t\t\t<\/div>","protected":false},"excerpt":{"rendered":"<p>Jurassic Parties has been committed to serving the community for nearly 30 years; offering over 20,000 events to date. Our History It All Started With A Dream. Jay Brewer&#8217;s childlike passion and early entry to the industry has allowed our family business to share joy and knowledge with our community since 1988. Prehistoric Pets began [&hellip;]<\/p>\n","protected":false},"author":6,"featured_media":0,"parent":0,"menu_order":0,"comment_status":"closed","ping_status":"closed","template":"elementor_header_footer","meta":{"footnotes":""},"class_list":["post-117","page","type-page","status-publish","hentry"],"_links":{"self":[{"href":"https:\/\/jurassicparties.com\/es\/wp-json\/wp\/v2\/pages\/117","targetHints":{"allow":["GET"]}}],"collection":[{"href":"https:\/\/jurassicparties.com\/es\/wp-json\/wp\/v2\/pages"}],"about":[{"href":"https:\/\/jurassicparties.com\/es\/wp-json\/wp\/v2\/types\/page"}],"author":[{"embeddable":true,"href":"https:\/\/jurassicparties.com\/es\/wp-json\/wp\/v2\/users\/6"}],"replies":[{"embeddable":true,"href":"https:\/\/jurassicparties.com\/es\/wp-json\/wp\/v2\/comments?post=117"}],"version-history":[{"count":304,"href":"https:\/\/jurassicparties.com\/es\/wp-json\/wp\/v2\/pages\/117\/revisions"}],"predecessor-version":[{"id":6180,"href":"https:\/\/jurassicparties.com\/es\/wp-json\/wp\/v2\/pages\/117\/revisions\/6180"}],"wp:attachment":[{"href":"https:\/\/jurassicparties.com\/es\/wp-json\/wp\/v2\/media?parent=117"}],"curies":[{"name":"wp","href":"https:\/\/api.w.org\/{rel}","templated":true}]}}